{"id":23,"date":"2025-04-26T19:35:08","date_gmt":"2025-04-26T17:35:08","guid":{"rendered":"https:\/\/leducationcestlavie.com\/?page_id=23"},"modified":"2025-07-21T15:48:12","modified_gmt":"2025-07-21T13:48:12","slug":"bienvenue-akwaba","status":"publish","type":"page","link":"https:\/\/leducationcestlavie.com\/","title":{"rendered":"Bienvenue\/AKWABA"},"content":{"rendered":"\t\t<div data-elementor-type=\"wp-page\" data-elementor-id=\"23\" class=\"elementor elementor-23\" data-elementor-post-type=\"page\">\n\t\t\t\t<div class=\"elementor-element elementor-element-02dabc1 e-flex e-con-boxed e-con e-parent\" data-id=\"02dabc1\" data-element_type=\"container\">\n\t\t\t\t\t<div class=\"e-con-inner\">\n\t\t\t\t<div class=\"elementor-element elementor-element-f3317bc elementor-widget elementor-widget-image\" data-id=\"f3317bc\" data-element_type=\"widget\" data-widget_type=\"image.default\">\n\t\t\t\t<div class=\"elementor-widget-container\">\n\t\t\t\t\t\t\t\t\t\t\t\t\t\t\t<img decoding=\"async\" width=\"288\" height=\"94\" src=\"https:\/\/leducationcestlavie.com\/wp-content\/uploads\/2025\/04\/logo-icone-vacance-solidaire-pour-tous-1.png\" class=\"attachment-large size-large wp-image-26\" alt=\"\" \/>\t\t\t\t\t\t\t\t\t\t\t\t\t\t\t<\/div>\n\t\t\t\t<\/div>\n\t\t\t\t\t<\/div>\n\t\t\t\t<\/div>\n\t\t<div class=\"elementor-element elementor-element-02a02c7 e-flex e-con-boxed e-con e-parent\" data-id=\"02a02c7\" data-element_type=\"container\">\n\t\t\t\t\t<div class=\"e-con-inner\">\n\t\t\t\t<div class=\"elementor-element elementor-element-46e4268 elementor-widget elementor-widget-heading\" data-id=\"46e4268\" data-element_type=\"widget\" data-widget_type=\"heading.default\">\n\t\t\t\t<div class=\"elementor-widget-container\">\n\t\t\t\t\t<h1 class=\"elementor-heading-title elementor-size-default\">BIENVENUE\/ AKWABA \/ WELCOME<\/h1>\t\t\t\t<\/div>\n\t\t\t\t<\/div>\n\t\t\t\t<div class=\"elementor-element elementor-element-b36c62a elementor-widget elementor-widget-text-editor\" data-id=\"b36c62a\" data-element_type=\"widget\" data-widget_type=\"text-editor.default\">\n\t\t\t\t<div class=\"elementor-widget-container\">\n\t\t\t\t\t\t\t\t\t<p>Parce que les vacances sont essentielles \u2013 apr\u00e8s une ann\u00e9e scolaire intense ou une longue p\u00e9riode de travail \u2013 nous croyons que chacun, quel que soit son contexte social ou \u00e9conomique, a droit \u00e0 un moment de r\u00e9pit, de d\u00e9couverte et de joie.<\/p><p>Le projet Solidaires, Vacances Pour Tous est n\u00e9 de cette conviction\u202f: offrir des vacances inclusives \u00e0 ceux qui, autrement, n\u2019en auraient pas la possibilit\u00e9. Cette initiative vise \u00e0 ouvrir de nouveaux horizons aux enfants issus d\u2019orphelinats ou de milieux d\u00e9favoris\u00e9s, en leur offrant une exp\u00e9rience inoubliable faite de d\u00e9couvertes culturelles, d\u2019\u00e9changes et de loisirs enrichissants.<\/p>\t\t\t\t\t\t\t\t<\/div>\n\t\t\t\t<\/div>\n\t\t\t\t\t<\/div>\n\t\t\t\t<\/div>\n\t\t<div class=\"elementor-element elementor-element-070ec22 e-flex e-con-boxed e-con e-parent\" data-id=\"070ec22\" data-element_type=\"container\">\n\t\t\t\t\t<div class=\"e-con-inner\">\n\t\t\t\t<div class=\"elementor-element elementor-element-b8baef7 elementor-widget elementor-widget-image\" data-id=\"b8baef7\" data-element_type=\"widget\" data-widget_type=\"image.default\">\n\t\t\t\t<div class=\"elementor-widget-container\">\n\t\t\t\t\t\t\t\t\t\t\t\t\t\t\t<img fetchpriority=\"high\" decoding=\"async\" width=\"1140\" height=\"285\" src=\"https:\/\/leducationcestlavie.com\/wp-content\/uploads\/2025\/07\/Bache-Colonie-2025-_-pour-site-web.png\" class=\"attachment-full size-full wp-image-55\" alt=\"Banderole 2025\" srcset=\"https:\/\/leducationcestlavie.com\/wp-content\/uploads\/2025\/07\/Bache-Colonie-2025-_-pour-site-web.png 1140w, https:\/\/leducationcestlavie.com\/wp-content\/uploads\/2025\/07\/Bache-Colonie-2025-_-pour-site-web-300x75.png 300w, https:\/\/leducationcestlavie.com\/wp-content\/uploads\/2025\/07\/Bache-Colonie-2025-_-pour-site-web-1024x256.png 1024w, https:\/\/leducationcestlavie.com\/wp-content\/uploads\/2025\/07\/Bache-Colonie-2025-_-pour-site-web-768x192.png 768w\" sizes=\"(max-width: 1140px) 100vw, 1140px\" \/>\t\t\t\t\t\t\t\t\t\t\t\t\t\t\t<\/div>\n\t\t\t\t<\/div>\n\t\t\t\t<div class=\"elementor-element elementor-element-4321756 elementor-widget elementor-widget-heading\" data-id=\"4321756\" data-element_type=\"widget\" data-widget_type=\"heading.default\">\n\t\t\t\t<div class=\"elementor-widget-container\">\n\t\t\t\t\t<h2 class=\"elementor-heading-title elementor-size-default\">Une d\u00e9couverte culturelle <\/h2>\t\t\t\t<\/div>\n\t\t\t\t<\/div>\n\t\t\t\t\t<\/div>\n\t\t\t\t<\/div>\n\t\t<div class=\"elementor-element elementor-element-627a2bc e-grid e-con-boxed e-con e-parent\" data-id=\"627a2bc\" data-element_type=\"container\">\n\t\t\t\t\t<div class=\"e-con-inner\">\n\t\t\t\t<div class=\"elementor-element elementor-element-d5601aa elementor-widget elementor-widget-text-editor\" data-id=\"d5601aa\" data-element_type=\"widget\" data-widget_type=\"text-editor.default\">\n\t\t\t\t<div class=\"elementor-widget-container\">\n\t\t\t\t\t\t\t\t\t<p>Pour cette premi\u00e8re \u00e9dition, nous avons choisi la France comme destination. Un choix symbolique et strat\u00e9gique, car ces enfants, en grandissant, deviennent les cibles id\u00e9ales des r\u00e9seaux d\u2019immigration irr\u00e9guli\u00e8re. Beaucoup grandissent en pensant que l\u2019Europe est un eldorado. \u00c0 travers cette exp\u00e9rience, nous voulons leur ouvrir les yeux sur la r\u00e9alit\u00e9, leur montrer que le r\u00eave peut aussi commencer chez eux, en C\u00f4te d\u2019Ivoire.<\/p><p>Notre ambition est de faire de ces enfants des ambassadeurs de la lutte contre l\u2019immigration clandestine, des jeunes conscients de leur valeur, de celle de leur pays, et fiers de contribuer \u00e0 son d\u00e9veloppement.<\/p><p>Au-del\u00e0 de l\u2019aspect \u00e9ducatif, cette colonie se veut aussi ludique, joyeuse et cr\u00e9ative. Elle vise \u00e0 renforcer la confiance en soi, \u00e0 stimuler la curiosit\u00e9, et \u00e0 faire d\u00e9couvrir d\u2019autres cultures tout en valorisant la leur.<\/p><p>Nous croyons fermement que la C\u00f4te d\u2019Ivoire ne pourra se construire durablement sans sa jeunesse. Ce projet est donc aussi un appel \u00e0 l\u2019action\u202f: unissons nos forces pour b\u00e2tir un avenir meilleur, o\u00f9 chaque enfant a sa place, son r\u00f4le et sa chance.<\/p>\t\t\t\t\t\t\t\t<\/div>\n\t\t\t\t<\/div>\n\t\t\t\t<div class=\"elementor-element elementor-element-dc4d71e elementor-widget elementor-widget-image\" data-id=\"dc4d71e\" data-element_type=\"widget\" data-widget_type=\"image.default\">\n\t\t\t\t<div class=\"elementor-widget-container\">\n\t\t\t\t\t\t\t\t\t\t\t\t\t\t\t<img decoding=\"async\" width=\"800\" height=\"800\" src=\"https:\/\/leducationcestlavie.com\/wp-content\/uploads\/2025\/07\/Tour-effel-1024x1024.jpg\" class=\"attachment-large size-large wp-image-56\" alt=\"\" srcset=\"https:\/\/leducationcestlavie.com\/wp-content\/uploads\/2025\/07\/Tour-effel-1024x1024.jpg 1024w, https:\/\/leducationcestlavie.com\/wp-content\/uploads\/2025\/07\/Tour-effel-300x300.jpg 300w, https:\/\/leducationcestlavie.com\/wp-content\/uploads\/2025\/07\/Tour-effel-150x150.jpg 150w, https:\/\/leducationcestlavie.com\/wp-content\/uploads\/2025\/07\/Tour-effel-768x768.jpg 768w, https:\/\/leducationcestlavie.com\/wp-content\/uploads\/2025\/07\/Tour-effel-1536x1536.jpg 1536w, https:\/\/leducationcestlavie.com\/wp-content\/uploads\/2025\/07\/Tour-effel-2048x2048.jpg 2048w\" sizes=\"(max-width: 800px) 100vw, 800px\" \/>\t\t\t\t\t\t\t\t\t\t\t\t\t\t\t<\/div>\n\t\t\t\t<\/div>\n\t\t\t\t\t<\/div>\n\t\t\t\t<\/div>\n\t\t<div class=\"elementor-element elementor-element-bc224b5 e-flex e-con-boxed e-con e-parent\" data-id=\"bc224b5\" data-element_type=\"container\">\n\t\t\t\t\t<div class=\"e-con-inner\">\n\t\t\t\t<div class=\"elementor-element elementor-element-8de4e7f elementor-widget elementor-widget-heading\" data-id=\"8de4e7f\" data-element_type=\"widget\" data-widget_type=\"heading.default\">\n\t\t\t\t<div class=\"elementor-widget-container\">\n\t\t\t\t\t<h2 class=\"elementor-heading-title elementor-size-default\">Suivre la colonie<\/h2>\t\t\t\t<\/div>\n\t\t\t\t<\/div>\n\t\t\t\t<div class=\"elementor-element elementor-element-3e03ce7 elementor-widget elementor-widget-spacer\" data-id=\"3e03ce7\" data-element_type=\"widget\" data-widget_type=\"spacer.default\">\n\t\t\t\t<div class=\"elementor-widget-container\">\n\t\t\t\t\t\t\t<div class=\"elementor-spacer\">\n\t\t\t<div class=\"elementor-spacer-inner\"><\/div>\n\t\t<\/div>\n\t\t\t\t\t\t<\/div>\n\t\t\t\t<\/div>\n\t\t\t\t<div class=\"elementor-element elementor-element-b2bb906 elementor-grid-3 elementor-grid-tablet-2 elementor-grid-mobile-1 elementor-posts--thumbnail-top elementor-widget elementor-widget-posts\" data-id=\"b2bb906\" data-element_type=\"widget\" data-settings=\"{&quot;classic_columns&quot;:&quot;3&quot;,&quot;classic_columns_tablet&quot;:&quot;2&quot;,&quot;classic_columns_mobile&quot;:&quot;1&quot;,&quot;classic_row_gap&quot;:{&quot;unit&quot;:&quot;px&quot;,&quot;size&quot;:35,&quot;sizes&quot;:[]},&quot;classic_row_gap_tablet&quot;:{&quot;unit&quot;:&quot;px&quot;,&quot;size&quot;:&quot;&quot;,&quot;sizes&quot;:[]},&quot;classic_row_gap_mobile&quot;:{&quot;unit&quot;:&quot;px&quot;,&quot;size&quot;:&quot;&quot;,&quot;sizes&quot;:[]}}\" data-widget_type=\"posts.classic\">\n\t\t\t\t<div class=\"elementor-widget-container\">\n\t\t\t\t\t\t\t<div class=\"elementor-posts-container elementor-posts elementor-posts--skin-classic elementor-grid\">\n\t\t\t\t<article class=\"elementor-post elementor-grid-item post-63 post type-post status-publish format-standard has-post-thumbnail hentry category-non-classe\">\n\t\t\t\t<a class=\"elementor-post__thumbnail__link\" href=\"https:\/\/leducationcestlavie.com\/index.php\/2025\/07\/21\/journee1\/\" tabindex=\"-1\" >\n\t\t\t<div class=\"elementor-post__thumbnail\"><img loading=\"lazy\" decoding=\"async\" width=\"300\" height=\"200\" src=\"https:\/\/leducationcestlavie.com\/wp-content\/uploads\/2025\/07\/21-300x200.png\" class=\"attachment-medium size-medium wp-image-84\" alt=\"\" srcset=\"https:\/\/leducationcestlavie.com\/wp-content\/uploads\/2025\/07\/21-300x200.png 300w, https:\/\/leducationcestlavie.com\/wp-content\/uploads\/2025\/07\/21-1024x683.png 1024w, https:\/\/leducationcestlavie.com\/wp-content\/uploads\/2025\/07\/21-768x512.png 768w, https:\/\/leducationcestlavie.com\/wp-content\/uploads\/2025\/07\/21.png 1500w\" sizes=\"(max-width: 300px) 100vw, 300px\" \/><\/div>\n\t\t<\/a>\n\t\t\t\t<div class=\"elementor-post__text\">\n\t\t\t\t<h3 class=\"elementor-post__title\">\n\t\t\t<a href=\"https:\/\/leducationcestlavie.com\/index.php\/2025\/07\/21\/journee1\/\" >\n\t\t\t\tPemi\u00e8re journ\u00e9e\t\t\t<\/a>\n\t\t<\/h3>\n\t\t\t\t<div class=\"elementor-post__meta-data\">\n\t\t\t\t\t<span class=\"elementor-post-date\">\n\t\t\t21 juillet 2025\t\t<\/span>\n\t\t\t\t<span class=\"elementor-post-avatar\">\n\t\t\tAucun commentaire\t\t<\/span>\n\t\t\t\t<\/div>\n\t\t\t\t<div class=\"elementor-post__excerpt\">\n\t\t\t<p>Premi\u00e8re journ\u00e9e C\u2019est avec beaucoup de joie et d\u2019excitation que les enfants sont enfin arriv\u00e9s \u00e0 Grand-Bassam pour la premi\u00e8re partie de la colonie !<\/p>\n\t\t<\/div>\n\t\t\n\t\t<a class=\"elementor-post__read-more\" href=\"https:\/\/leducationcestlavie.com\/index.php\/2025\/07\/21\/journee1\/\" aria-label=\"En savoir plus sur Pemi\u00e8re journ\u00e9e\" tabindex=\"-1\" >\n\t\t\tLire la suite \u00bb\t\t<\/a>\n\n\t\t\t\t<\/div>\n\t\t\t\t<\/article>\n\t\t\t\t<\/div>\n\t\t\n\t\t\t\t\t\t<\/div>\n\t\t\t\t<\/div>\n\t\t\t\t<div class=\"elementor-element elementor-element-286970e elementor-widget elementor-widget-text-editor\" data-id=\"286970e\" data-element_type=\"widget\" data-widget_type=\"text-editor.default\">\n\t\t\t\t<div class=\"elementor-widget-container\">\n\t\t\t\t\t\t\t\t\t<p>Solidaires, Vacances Pour Tous \u2013 Organisation Internationale Non Gouvernementale EMSF\/CI<\/p><p>Num\u00e9ro d\u2019agr\u00e9ment 61\/MEMAT\/DGAT\/DGA\/SDVAC<\/p><p>28 BP 641 Abidjan 28\u00a0\u00a0 \/ Tel\u00a0: 27 21 54 27 90 \/07 58 89 31 39<\/p><p>enfancemeurtrieci@gmail.com<\/p>\t\t\t\t\t\t\t\t<\/div>\n\t\t\t\t<\/div>\n\t\t\t\t\t<\/div>\n\t\t\t\t<\/div>\n\t\t\t\t<\/div>\n\t\t","protected":false},"excerpt":{"rendered":"<p>BIENVENUE\/ AKWABA \/ WELCOME Parce que les vacances sont essentielles \u2013 apr\u00e8s une ann\u00e9e scolaire intense ou une longue p\u00e9riode de travail \u2013 nous croyons que chacun, quel que soit son contexte social ou \u00e9conomique, a droit \u00e0 un moment de r\u00e9pit, de d\u00e9couverte et de joie. Le projet Solidaires, Vacances Pour Tous est n\u00e9 [&hellip;]<\/p>\n","protected":false},"author":1,"featured_media":0,"parent":0,"menu_order":0,"comment_status":"closed","ping_status":"closed","template":"","meta":{"footnotes":""},"class_list":["post-23","page","type-page","status-publish","hentry"],"_links":{"self":[{"href":"https:\/\/leducationcestlavie.com\/index.php\/wp-json\/wp\/v2\/pages\/23","targetHints":{"allow":["GET"]}}],"collection":[{"href":"https:\/\/leducationcestlavie.com\/index.php\/wp-json\/wp\/v2\/pages"}],"about":[{"href":"https:\/\/leducationcestlavie.com\/index.php\/wp-json\/wp\/v2\/types\/page"}],"author":[{"embeddable":true,"href":"https:\/\/leducationcestlavie.com\/index.php\/wp-json\/wp\/v2\/users\/1"}],"replies":[{"embeddable":true,"href":"https:\/\/leducationcestlavie.com\/index.php\/wp-json\/wp\/v2\/comments?post=23"}],"version-history":[{"count":25,"href":"https:\/\/leducationcestlavie.com\/index.php\/wp-json\/wp\/v2\/pages\/23\/revisions"}],"predecessor-version":[{"id":100,"href":"https:\/\/leducationcestlavie.com\/index.php\/wp-json\/wp\/v2\/pages\/23\/revisions\/100"}],"wp:attachment":[{"href":"https:\/\/leducationcestlavie.com\/index.php\/wp-json\/wp\/v2\/media?parent=23"}],"curies":[{"name":"wp","href":"https:\/\/api.w.org\/{rel}","templated":true}]}}